{"id":69,"date":"2019-12-21T15:22:20","date_gmt":"2019-12-21T14:22:20","guid":{"rendered":"http:\/\/creationsquisement.com\/?page_id=69"},"modified":"2021-07-21T11:57:25","modified_gmt":"2021-07-21T09:57:25","slug":"accueil","status":"publish","type":"page","link":"https:\/\/creationsquisement.com\/","title":{"rendered":"&#8220;85 % des m\u00e9tiers de 2030 n\u2019existeraient pas encore&#8221;."},"content":{"rendered":"\t\t<div data-elementor-type=\"wp-page\" data-elementor-id=\"69\" class=\"elementor elementor-69\" data-elementor-settings=\"[]\">\n\t\t\t\t\t\t<div class=\"elementor-inner\">\n\t\t\t\t\t\t\t<div class=\"elementor-section-wrap\">\n\t\t\t\t\t\t\t<section class=\"elementor-section elementor-top-section elementor-element elementor-element-7c1c1ca9 elementor-section-boxed elementor-section-height-default elementor-section-height-default\" data-id=\"7c1c1ca9\" data-element_type=\"section\">\n\t\t\t\t\t\t<div class=\"elementor-container elementor-column-gap-default\">\n\t\t\t\t\t\t\t<div class=\"elementor-row\">\n\t\t\t\t\t<div class=\"elementor-column elementor-col-100 elementor-top-column elementor-element elementor-element-72ccafd9\" data-id=\"72ccafd9\" data-element_type=\"column\">\n\t\t\t<div class=\"elementor-column-wrap elementor-element-populated\">\n\t\t\t\t\t\t\t<div class=\"elementor-widget-wrap\">\n\t\t\t\t\t\t<div class=\"elementor-element elementor-element-7dadf8c7 elementor-drop-cap-yes elementor-drop-cap-view-default elementor-widget elementor-widget-text-editor\" data-id=\"7dadf8c7\" data-element_type=\"widget\" data-settings=\"{&quot;drop_cap&quot;:&quot;yes&quot;}\" data-widget_type=\"text-editor.default\">\n\t\t\t\t<div class=\"elementor-widget-container\">\n\t\t\t\t\t<div class=\"elementor-text-editor elementor-clearfix\"><p><span style=\"font-size: 1rem;\">Depuis 2017, de nombreux articles de presse relaient cette information aux cons\u00e9quences majeures sur nos vies et nos m\u00e9tiers actuels et futurs. Cette r\u00e9alit\u00e9 introduit de nombreuses questions et<\/span><strong style=\"font-size: 1rem;\"> nous vous proposons d\u2019explorer cet univers pour b\u00e2tir vos propres r\u00e9ponses.<\/strong><\/p><ul><li><hr \/><span style=\"color: #333333;\"><strong>\u00a0En entreprise<\/strong><\/span><\/li><\/ul><p>Des coachings d&#8217;\u00e9quipe et formations pour :<\/p><p>&#8211; accompagner les transitions et se projeter pour innover dans le monde de demain<\/p><p><span style=\"font-size: 1rem;\">&#8211; promouvoir les comp\u00e9tences de demain aupr\u00e8s des collaborateurs, d\u00e9velopper la cr\u00e9ativit\u00e9 et l\u2019agilit\u00e9 concernant la strat\u00e9gie de l\u2019entreprise et la coh\u00e9sion d\u2019\u00e9quipe<\/span><\/p><p><span style=\"font-size: 1rem;\">&#8211; g\u00e9rer les talents<\/span><\/p><p>Des conf\u00e9rences pour appr\u00e9hender la complexit\u00e9 et les inconnues du sujet des nouveaux m\u00e9tiers tout en les d\u00e9mystifiant.<\/p><ul><li><span style=\"color: #333333;\"><strong>En\u00a0<\/strong><span style=\"font-weight: bold; font-size: 1rem;\">reconversion professionnelle et en\u00a0<\/span><strong style=\"font-size: 1rem;\">orientation des 15-30 ans\u00a0<\/strong><\/span><\/li><\/ul><p>Nous int\u00e9grons les nouveaux m\u00e9tiers \u00e0 nos accompagnements individuels et collectifs, de l&#8217;orientation et de la reconversion (coaching, formation et bilan de comp\u00e9tences), \u00a0pour :<\/p><p>&#8211;<span style=\"font-size: 1rem;\">\u00a0d\u00e9chiffrer l\u2019univers des nouveaux m\u00e9tiers et ouvrir le champ des possibles<\/span><\/p><p><span style=\"font-size: 1rem;\">&#8211; r\u00e9fl\u00e9chir \u00e0 son \u00e9volution professionnelle et \u00e0 de nouveaux projets en int\u00e9grant les perspectives du monde de demain<\/span><\/p><p><span style=\"font-size: 1rem;\">&#8211; orienter un projet d&#8217;\u00e9tudes, de formation ou de V.A.E. vers un nouveau m\u00e9tier.<\/span><\/p><p><span style=\"font-size: 1rem;\">\u00a0<\/span><\/p><p>Nous avons cr\u00e9\u00e9 un outil p\u00e9dagogique et performant au service de nos accompagnements : <span style=\"text-decoration: underline; color: #993300;\"><strong><em><span><a style=\"color: #993300; text-decoration: underline;\" href=\"https:\/\/souriezvousjouez.com\/boutique\/le-jeu-des-nouveaux-metiers\/\">Le Jeu des Nouveaux M\u00e9tiers<\/a><\/span><\/em><\/strong><\/span><strong><em><span style=\"color: #0000ff;\"><span style=\"color: #993300;\"><a style=\"color: #993300; text-decoration: underline;\" href=\"https:\/\/souriezvousjouez.com\/boutique\/le-jeu-des-nouveaux-metiers\/\">\u00a0<\/a>,<\/span>\u00a0<\/span><\/em><\/strong><span style=\"font-size: 1rem;\">paru en janvier 2020 aux \u00e9ditions <em>Souriez-Vous-Managez<\/em><\/span><\/p><\/div>\n\t\t\t\t<\/div>\n\t\t\t\t<\/div>\n\t\t\t\t\t\t<\/div>\n\t\t\t\t\t<\/div>\n\t\t<\/div>\n\t\t\t\t\t\t\t\t<\/div>\n\t\t\t\t\t<\/div>\n\t\t<\/section>\n\t\t\t\t<section class=\"elementor-section elementor-top-section elementor-element elementor-element-887259c elementor-section-boxed elementor-section-height-default elementor-section-height-default\" data-id=\"887259c\" data-element_type=\"section\">\n\t\t\t\t\t\t<div class=\"elementor-container elementor-column-gap-default\">\n\t\t\t\t\t\t\t<div class=\"elementor-row\">\n\t\t\t\t\t<div class=\"elementor-column elementor-col-100 elementor-top-column elementor-element elementor-element-9473a07\" data-id=\"9473a07\" data-element_type=\"column\">\n\t\t\t<div class=\"elementor-column-wrap elementor-element-populated\">\n\t\t\t\t\t\t\t<div class=\"elementor-widget-wrap\">\n\t\t\t\t\t\t<div class=\"elementor-element elementor-element-e9a0413 elementor-widget elementor-widget-heading\" data-id=\"e9a0413\" data-element_type=\"widget\" data-widget_type=\"heading.default\">\n\t\t\t\t<div class=\"elementor-widget-container\">\n\t\t\t<h2 class=\"elementor-heading-title elementor-size-default\">Le Jeu des Nouveaux M\u00e9tiers dans les m\u00e9dias !<br><\/h2>\t\t<\/div>\n\t\t\t\t<\/div>\n\t\t\t\t<section class=\"elementor-section elementor-inner-section elementor-element elementor-element-48d96c8 elementor-section-boxed elementor-section-height-default elementor-section-height-default\" data-id=\"48d96c8\" data-element_type=\"section\">\n\t\t\t\t\t\t<div class=\"elementor-container elementor-column-gap-default\">\n\t\t\t\t\t\t\t<div class=\"elementor-row\">\n\t\t\t\t\t<div class=\"elementor-column elementor-col-50 elementor-inner-column elementor-element elementor-element-f2c7ac0\" data-id=\"f2c7ac0\" data-element_type=\"column\">\n\t\t\t<div class=\"elementor-column-wrap elementor-element-populated\">\n\t\t\t\t\t\t\t<div class=\"elementor-widget-wrap\">\n\t\t\t\t\t\t<div class=\"elementor-element elementor-element-88f2a4b elementor-widget elementor-widget-text-editor\" data-id=\"88f2a4b\" data-element_type=\"widget\" data-widget_type=\"text-editor.default\">\n\t\t\t\t<div class=\"elementor-widget-container\">\n\t\t\t\t\t<div class=\"elementor-text-editor elementor-clearfix\"><p>Dans l&#8217;\u00e9mission \u00a0la maison des parents sur France 4\u00a0<\/p><p><a href=\"http:\/\/creationsquisement.com\/wp-content\/uploads\/2021\/07\/Le-jeu-des-nouveaux-metiers-chez-la-maison-des-parents.mov\"><img loading=\"lazy\" class=\"alignnone size-medium wp-image-976\" src=\"http:\/\/creationsquisement.com\/wp-content\/uploads\/2021\/07\/Le-jeu-des-nouveaux-etiers-orientation-300x159.jpg\" alt=\"\" width=\"300\" height=\"159\" srcset=\"https:\/\/creationsquisement.com\/wp-content\/uploads\/2021\/07\/Le-jeu-des-nouveaux-etiers-orientation-300x159.jpg 300w, https:\/\/creationsquisement.com\/wp-content\/uploads\/2021\/07\/Le-jeu-des-nouveaux-etiers-orientation-1024x544.jpg 1024w, https:\/\/creationsquisement.com\/wp-content\/uploads\/2021\/07\/Le-jeu-des-nouveaux-etiers-orientation-768x408.jpg 768w, https:\/\/creationsquisement.com\/wp-content\/uploads\/2021\/07\/Le-jeu-des-nouveaux-etiers-orientation.jpg 1511w\" sizes=\"(max-width: 300px) 100vw, 300px\" \/><\/a><\/p><p><a href=\"http:\/\/creationsquisement.com\/wp-content\/uploads\/2021\/07\/Le-jeu-des-nouveaux-metiers-chez-la-maison-des-parents.mov\">Le jeu des nouveaux m\u00e9tiers chez la maison des parents<\/a><\/p><p>\u00a0<\/p><\/div>\n\t\t\t\t<\/div>\n\t\t\t\t<\/div>\n\t\t\t\t\t\t<\/div>\n\t\t\t\t\t<\/div>\n\t\t<\/div>\n\t\t\t\t<div class=\"elementor-column elementor-col-50 elementor-inner-column elementor-element elementor-element-7f3ebfd\" data-id=\"7f3ebfd\" data-element_type=\"column\">\n\t\t\t<div class=\"elementor-column-wrap elementor-element-populated\">\n\t\t\t\t\t\t\t<div class=\"elementor-widget-wrap\">\n\t\t\t\t\t\t<div class=\"elementor-element elementor-element-d677a0b elementor-widget elementor-widget-text-editor\" data-id=\"d677a0b\" data-element_type=\"widget\" data-widget_type=\"text-editor.default\">\n\t\t\t\t<div class=\"elementor-widget-container\">\n\t\t\t\t\t<div class=\"elementor-text-editor elementor-clearfix\"><p><a href=\"https:\/\/www.studyrama.com\/formations\/orientation-reorientation\/trouver-son-futur-metier-en-jouant-c-est-possible-108652\"><img loading=\"lazy\" class=\"alignnone size-medium wp-image-813\" src=\"http:\/\/creationsquisement.com\/wp-content\/uploads\/2020\/09\/Equipe-jeu-des-nouveaux-metiers-3-300x225.jpg\" alt=\"\" width=\"300\" height=\"225\" srcset=\"https:\/\/creationsquisement.com\/wp-content\/uploads\/2020\/09\/Equipe-jeu-des-nouveaux-metiers-3-300x225.jpg 300w, https:\/\/creationsquisement.com\/wp-content\/uploads\/2020\/09\/Equipe-jeu-des-nouveaux-metiers-3-768x576.jpg 768w, https:\/\/creationsquisement.com\/wp-content\/uploads\/2020\/09\/Equipe-jeu-des-nouveaux-metiers-3-1024x768.jpg 1024w, https:\/\/creationsquisement.com\/wp-content\/uploads\/2020\/09\/Equipe-jeu-des-nouveaux-metiers-3.jpg 2048w\" sizes=\"(max-width: 300px) 100vw, 300px\" \/><\/a><a href=\"https:\/\/www.studyrama.com\/formations\/orientation-reorientation\/trouver-son-futur-metier-en-jouant-c-est-possible-108652\">Interview de l&#8217;\u00e9quipe dans Studyrama<\/a><\/p><\/div>\n\t\t\t\t<\/div>\n\t\t\t\t<\/div>\n\t\t\t\t\t\t<\/div>\n\t\t\t\t\t<\/div>\n\t\t<\/div>\n\t\t\t\t\t\t\t\t<\/div>\n\t\t\t\t\t<\/div>\n\t\t<\/section>\n\t\t\t\t\t\t<\/div>\n\t\t\t\t\t<\/div>\n\t\t<\/div>\n\t\t\t\t\t\t\t\t<\/div>\n\t\t\t\t\t<\/div>\n\t\t<\/section>\n\t\t\t\t\t\t<\/div>\n\t\t\t\t\t\t<\/div>\n\t\t\t\t\t<\/div>\n\t\t","protected":false},"excerpt":{"rendered":"<p>Depuis 2017, de nombreux articles de presse relaient cette information aux cons\u00e9quences majeures sur nos vies et nos m\u00e9tiers actuels et futurs. Cette r\u00e9alit\u00e9 introduit de nombreuses questions et nous vous proposons d\u2019explorer cet univers pour b\u00e2tir vos propres r\u00e9ponses. &nbsp;En entreprise Des coachings d&#8217;\u00e9quipe et formations pour : &#8211; accompagner les transitions et se &hellip; <\/p>\n<p class=\"link-more\"><a href=\"https:\/\/creationsquisement.com\/\" class=\"more-link\">Continue reading<span class=\"screen-reader-text\"> &#8220;&#8220;85 % des m\u00e9tiers de 2030 n\u2019existeraient pas encore&#8221;.&#8221;<\/span><\/a><\/p>\n","protected":false},"author":1,"featured_media":0,"parent":0,"menu_order":0,"comment_status":"closed","ping_status":"closed","template":"","meta":[],"_links":{"self":[{"href":"https:\/\/creationsquisement.com\/index.php\/wp-json\/wp\/v2\/pages\/69"}],"collection":[{"href":"https:\/\/creationsquisement.com\/index.php\/wp-json\/wp\/v2\/pages"}],"about":[{"href":"https:\/\/creationsquisement.com\/index.php\/wp-json\/wp\/v2\/types\/page"}],"author":[{"embeddable":true,"href":"https:\/\/creationsquisement.com\/index.php\/wp-json\/wp\/v2\/users\/1"}],"replies":[{"embeddable":true,"href":"https:\/\/creationsquisement.com\/index.php\/wp-json\/wp\/v2\/comments?post=69"}],"version-history":[{"count":87,"href":"https:\/\/creationsquisement.com\/index.php\/wp-json\/wp\/v2\/pages\/69\/revisions"}],"predecessor-version":[{"id":985,"href":"https:\/\/creationsquisement.com\/index.php\/wp-json\/wp\/v2\/pages\/69\/revisions\/985"}],"wp:attachment":[{"href":"https:\/\/creationsquisement.com\/index.php\/wp-json\/wp\/v2\/media?parent=69"}],"curies":[{"name":"wp","href":"https:\/\/api.w.org\/{rel}","templated":true}]}}