{"id":647,"date":"2020-03-20T16:56:33","date_gmt":"2020-03-20T15:56:33","guid":{"rendered":"http:\/\/creationsquisement.com\/?page_id=647"},"modified":"2021-07-21T09:09:25","modified_gmt":"2021-07-21T07:09:25","slug":"nos-interventions","status":"publish","type":"page","link":"https:\/\/creationsquisement.com\/index.php\/nos-interventions\/","title":{"rendered":"Nos interventions"},"content":{"rendered":"\t\t<div data-elementor-type=\"wp-page\" data-elementor-id=\"647\" class=\"elementor elementor-647\" data-elementor-settings=\"[]\">\n\t\t\t\t\t\t<div class=\"elementor-inner\">\n\t\t\t\t\t\t\t<div class=\"elementor-section-wrap\">\n\t\t\t\t\t\t\t<section class=\"elementor-section elementor-top-section elementor-element elementor-element-a884bc9 elementor-section-boxed elementor-section-height-default elementor-section-height-default\" data-id=\"a884bc9\" data-element_type=\"section\">\n\t\t\t\t\t\t<div class=\"elementor-container elementor-column-gap-default\">\n\t\t\t\t\t\t\t<div class=\"elementor-row\">\n\t\t\t\t\t<div class=\"elementor-column elementor-col-100 elementor-top-column elementor-element elementor-element-52955b27\" data-id=\"52955b27\" data-element_type=\"column\">\n\t\t\t<div class=\"elementor-column-wrap elementor-element-populated\">\n\t\t\t\t\t\t\t<div class=\"elementor-widget-wrap\">\n\t\t\t\t\t\t<div class=\"elementor-element elementor-element-5e38aa9e elementor-widget elementor-widget-text-editor\" data-id=\"5e38aa9e\" data-element_type=\"widget\" data-widget_type=\"text-editor.default\">\n\t\t\t\t<div class=\"elementor-widget-container\">\n\t\t\t\t\t<div class=\"elementor-text-editor elementor-clearfix\"><p><span style=\"color: #000000;\"><!-- wp:paragraph --><\/span><\/p>\n<h3 style=\"text-align: center;\"><b>Vous souhaitez aborder le sujet des nouveaux m\u00e9tiers dans votre \u00e9quipe, entreprise ou en milieu scolaire ?<\/b><\/h3>\n<p><span style=\"color: #000000;\"><!-- \/wp:paragraph --><!-- wp:image --><\/span><\/p>\n<figure class=\"wp-block-image\">\u00a0<a href=\"http:\/\/creationsquisement.com\/mars-2020-le-jeu-des-nouveaux-metiers-ateliers-pour-kisskissbankbank-chategner-hamelin-lorenzo-moulin\/\" rel=\"attachment wp-att-698\"><img loading=\"lazy\" class=\"aligncenter wp-image-698 size-large\" src=\"http:\/\/creationsquisement.com\/wp-content\/uploads\/2020\/03\/Mars-2020-Le-Jeu-des-Nouveaux-M\u00e9tiers-Ateliers-pour-Kisskissbankbank-Chategner-Hamelin-Lorenzo-Moulin-1024x681.png\" alt=\"\" width=\"525\" height=\"349\" srcset=\"https:\/\/creationsquisement.com\/wp-content\/uploads\/2020\/03\/Mars-2020-Le-Jeu-des-Nouveaux-M\u00e9tiers-Ateliers-pour-Kisskissbankbank-Chategner-Hamelin-Lorenzo-Moulin-1024x681.png 1024w, https:\/\/creationsquisement.com\/wp-content\/uploads\/2020\/03\/Mars-2020-Le-Jeu-des-Nouveaux-M\u00e9tiers-Ateliers-pour-Kisskissbankbank-Chategner-Hamelin-Lorenzo-Moulin-300x200.png 300w, https:\/\/creationsquisement.com\/wp-content\/uploads\/2020\/03\/Mars-2020-Le-Jeu-des-Nouveaux-M\u00e9tiers-Ateliers-pour-Kisskissbankbank-Chategner-Hamelin-Lorenzo-Moulin-768x511.png 768w, https:\/\/creationsquisement.com\/wp-content\/uploads\/2020\/03\/Mars-2020-Le-Jeu-des-Nouveaux-M\u00e9tiers-Ateliers-pour-Kisskissbankbank-Chategner-Hamelin-Lorenzo-Moulin.png 1088w\" sizes=\"(max-width: 525px) 100vw, 525px\" \/><\/a><\/figure>\n<p><span style=\"color: #000000;\"><!-- \/wp:paragraph --><\/span><\/p><\/div>\n\t\t\t\t<\/div>\n\t\t\t\t<\/div>\n\t\t\t\t\t\t<\/div>\n\t\t\t\t\t<\/div>\n\t\t<\/div>\n\t\t\t\t\t\t\t\t<\/div>\n\t\t\t\t\t<\/div>\n\t\t<\/section>\n\t\t\t\t<section class=\"elementor-section elementor-top-section elementor-element elementor-element-981cd0e elementor-section-boxed elementor-section-height-default elementor-section-height-default\" data-id=\"981cd0e\" data-element_type=\"section\">\n\t\t\t\t\t\t<div class=\"elementor-container elementor-column-gap-default\">\n\t\t\t\t\t\t\t<div class=\"elementor-row\">\n\t\t\t\t\t<div class=\"elementor-column elementor-col-100 elementor-top-column elementor-element elementor-element-2e57128\" data-id=\"2e57128\" data-element_type=\"column\">\n\t\t\t<div class=\"elementor-column-wrap elementor-element-populated\">\n\t\t\t\t\t\t\t<div class=\"elementor-widget-wrap\">\n\t\t\t\t\t\t<div class=\"elementor-element elementor-element-5947dfd elementor-widget elementor-widget-text-editor\" data-id=\"5947dfd\" data-element_type=\"widget\" data-widget_type=\"text-editor.default\">\n\t\t\t\t<div class=\"elementor-widget-container\">\n\t\t\t\t\t<div class=\"elementor-text-editor elementor-clearfix\"><h4 style=\"text-align: center;\"><em><span style=\"color: #333333;\">Nous formons \u00e0 l&#8217;animation avec le <span style=\"color: #800000;\"><a style=\"color: #800000;\" href=\"https:\/\/souriezvousjouez.com\/boutique\/le-jeu-des-nouveaux-metiers\/\">Jeu des Nouveaux M\u00e9tiers<\/a><\/span><\/span><\/em><\/h4><\/div>\n\t\t\t\t<\/div>\n\t\t\t\t<\/div>\n\t\t\t\t\t\t<\/div>\n\t\t\t\t\t<\/div>\n\t\t<\/div>\n\t\t\t\t\t\t\t\t<\/div>\n\t\t\t\t\t<\/div>\n\t\t<\/section>\n\t\t\t\t<section class=\"elementor-section elementor-top-section elementor-element elementor-element-2ce5420 elementor-section-boxed elementor-section-height-default elementor-section-height-default\" data-id=\"2ce5420\" data-element_type=\"section\">\n\t\t\t\t\t\t<div class=\"elementor-container elementor-column-gap-default\">\n\t\t\t\t\t\t\t<div class=\"elementor-row\">\n\t\t\t\t\t<div class=\"elementor-column elementor-col-50 elementor-top-column elementor-element elementor-element-08df463\" data-id=\"08df463\" data-element_type=\"column\">\n\t\t\t<div class=\"elementor-column-wrap elementor-element-populated\">\n\t\t\t\t\t\t\t<div class=\"elementor-widget-wrap\">\n\t\t\t\t\t\t<div class=\"elementor-element elementor-element-d40a4de elementor-widget elementor-widget-text-editor\" data-id=\"d40a4de\" data-element_type=\"widget\" data-widget_type=\"text-editor.default\">\n\t\t\t\t<div class=\"elementor-widget-container\">\n\t\t\t\t\t<div class=\"elementor-text-editor elementor-clearfix\"><p><span style=\"color: #000000;\"><strong>En\u00a0<\/strong><strong>entreprise<\/strong>\u00a0: <\/span><span style=\"color: #333333;\">pour que coachs internes, recruteurs et managers s&#8217;approprient le jeu et ses diff\u00e9rentes utilisations et accompagnent \u00e0 leur tour les diff\u00e9rentes \u00e9quipes.<\/span><\/p><\/div>\n\t\t\t\t<\/div>\n\t\t\t\t<\/div>\n\t\t\t\t\t\t<\/div>\n\t\t\t\t\t<\/div>\n\t\t<\/div>\n\t\t\t\t<div class=\"elementor-column elementor-col-50 elementor-top-column elementor-element elementor-element-20a2f77\" data-id=\"20a2f77\" data-element_type=\"column\">\n\t\t\t<div class=\"elementor-column-wrap elementor-element-populated\">\n\t\t\t\t\t\t\t<div class=\"elementor-widget-wrap\">\n\t\t\t\t\t\t<div class=\"elementor-element elementor-element-0724fde elementor-widget elementor-widget-text-editor\" data-id=\"0724fde\" data-element_type=\"widget\" data-widget_type=\"text-editor.default\">\n\t\t\t\t<div class=\"elementor-widget-container\">\n\t\t\t\t\t<div class=\"elementor-text-editor elementor-clearfix\"><p><span style=\"color: #333333;\"><strong>En milieu scolaire<\/strong>\u00a0: pour que professeurs et conseillers d&#8217;orientation s&#8217;approprient les diff\u00e9rentes utilisations possibles pour accompagner les \u00e9l\u00e8ves dans leur d\u00e9marche d&#8217;orientation.<\/span><\/p><\/div>\n\t\t\t\t<\/div>\n\t\t\t\t<\/div>\n\t\t\t\t\t\t<\/div>\n\t\t\t\t\t<\/div>\n\t\t<\/div>\n\t\t\t\t\t\t\t\t<\/div>\n\t\t\t\t\t<\/div>\n\t\t<\/section>\n\t\t\t\t<section class=\"elementor-section elementor-top-section elementor-element elementor-element-c7d06c3 elementor-section-boxed elementor-section-height-default elementor-section-height-default\" data-id=\"c7d06c3\" data-element_type=\"section\">\n\t\t\t\t\t\t<div class=\"elementor-container elementor-column-gap-default\">\n\t\t\t\t\t\t\t<div class=\"elementor-row\">\n\t\t\t\t\t<div class=\"elementor-column elementor-col-100 elementor-top-column elementor-element elementor-element-fe89065\" data-id=\"fe89065\" data-element_type=\"column\">\n\t\t\t<div class=\"elementor-column-wrap elementor-element-populated\">\n\t\t\t\t\t\t\t<div class=\"elementor-widget-wrap\">\n\t\t\t\t\t\t<div class=\"elementor-element elementor-element-6780fcb elementor-widget elementor-widget-text-editor\" data-id=\"6780fcb\" data-element_type=\"widget\" data-widget_type=\"text-editor.default\">\n\t\t\t\t<div class=\"elementor-widget-container\">\n\t\t\t\t\t<div class=\"elementor-text-editor elementor-clearfix\"><h4 style=\"text-align: center;\"><span style=\"color: #333333;\"><em>Nous proposons du Coaching et de la formation\u00a0<\/em><\/span><\/h4><\/div>\n\t\t\t\t<\/div>\n\t\t\t\t<\/div>\n\t\t\t\t\t\t<\/div>\n\t\t\t\t\t<\/div>\n\t\t<\/div>\n\t\t\t\t\t\t\t\t<\/div>\n\t\t\t\t\t<\/div>\n\t\t<\/section>\n\t\t\t\t<section class=\"elementor-section elementor-top-section elementor-element elementor-element-24a7321 elementor-section-boxed elementor-section-height-default elementor-section-height-default\" data-id=\"24a7321\" data-element_type=\"section\">\n\t\t\t\t\t\t<div class=\"elementor-container elementor-column-gap-default\">\n\t\t\t\t\t\t\t<div class=\"elementor-row\">\n\t\t\t\t\t<div class=\"elementor-column elementor-col-50 elementor-top-column elementor-element elementor-element-1f980ea\" data-id=\"1f980ea\" data-element_type=\"column\">\n\t\t\t<div class=\"elementor-column-wrap elementor-element-populated\">\n\t\t\t\t\t\t\t<div class=\"elementor-widget-wrap\">\n\t\t\t\t\t\t<div class=\"elementor-element elementor-element-efecd8b elementor-widget elementor-widget-text-editor\" data-id=\"efecd8b\" data-element_type=\"widget\" data-widget_type=\"text-editor.default\">\n\t\t\t\t<div class=\"elementor-widget-container\">\n\t\t\t\t\t<div class=\"elementor-text-editor elementor-clearfix\"><p><span style=\"color: #333333;\"><strong>En\u00a0<\/strong><strong>entreprise<\/strong>\u00a0: pour accompagner collaborateurs et cadres dirigeants \u00e0 explorer, penser les m\u00e9tiers de demain dans leur contexte et se projeter.<\/span><\/p><\/div>\n\t\t\t\t<\/div>\n\t\t\t\t<\/div>\n\t\t\t\t\t\t<\/div>\n\t\t\t\t\t<\/div>\n\t\t<\/div>\n\t\t\t\t<div class=\"elementor-column elementor-col-50 elementor-top-column elementor-element elementor-element-aecf492\" data-id=\"aecf492\" data-element_type=\"column\">\n\t\t\t<div class=\"elementor-column-wrap elementor-element-populated\">\n\t\t\t\t\t\t\t<div class=\"elementor-widget-wrap\">\n\t\t\t\t\t\t<div class=\"elementor-element elementor-element-18124ab elementor-widget elementor-widget-text-editor\" data-id=\"18124ab\" data-element_type=\"widget\" data-widget_type=\"text-editor.default\">\n\t\t\t\t<div class=\"elementor-widget-container\">\n\t\t\t\t\t<div class=\"elementor-text-editor elementor-clearfix\"><p><span style=\"color: #333333;\"><strong>En milieu scolaire<\/strong>\u00a0: accompagner \u00e9l\u00e8ves et \u00e9tudiants \u00e0 explorer, d\u00e9couvrir, d\u00e9mystifier les m\u00e9tiers et les comp\u00e9tences de demain et s&#8217;orienter.<\/span><\/p><\/div>\n\t\t\t\t<\/div>\n\t\t\t\t<\/div>\n\t\t\t\t\t\t<\/div>\n\t\t\t\t\t<\/div>\n\t\t<\/div>\n\t\t\t\t\t\t\t\t<\/div>\n\t\t\t\t\t<\/div>\n\t\t<\/section>\n\t\t\t\t<section class=\"elementor-section elementor-top-section elementor-element elementor-element-73c7210 elementor-section-boxed elementor-section-height-default elementor-section-height-default\" data-id=\"73c7210\" data-element_type=\"section\">\n\t\t\t\t\t\t<div class=\"elementor-container elementor-column-gap-default\">\n\t\t\t\t\t\t\t<div class=\"elementor-row\">\n\t\t\t\t\t<div class=\"elementor-column elementor-col-100 elementor-top-column elementor-element elementor-element-6cc45a0\" data-id=\"6cc45a0\" data-element_type=\"column\">\n\t\t\t<div class=\"elementor-column-wrap elementor-element-populated\">\n\t\t\t\t\t\t\t<div class=\"elementor-widget-wrap\">\n\t\t\t\t\t\t<div class=\"elementor-element elementor-element-34e9945 elementor-widget elementor-widget-text-editor\" data-id=\"34e9945\" data-element_type=\"widget\" data-widget_type=\"text-editor.default\">\n\t\t\t\t<div class=\"elementor-widget-container\">\n\t\t\t\t\t<div class=\"elementor-text-editor elementor-clearfix\"><h1 style=\"text-align: center;\"><span style=\"color: #000000;\">Tarifs<\/span><\/h1>\n<div><span style=\"color: #000000;\"><span style=\"color: #000000;\">\u00a0<\/span><\/span><hr \/><\/div>\n<ul>\n<li><span style=\"color: #333333;\"><strong>La journ\u00e9e enti\u00e8re :<\/strong><\/span><\/li>\n<\/ul>\n<p><span style=\"font-size: 1rem; color: #000000;\">&#8211; Particuliers et travailleurs ind\u00e9pendants : 350\u20ac TTC (Jeu des\u00a0<\/span><span style=\"caret-color: #000000;\">Nouveaux<\/span><span style=\"font-size: 1rem; color: #000000;\">\u00a0M\u00e9tiers inclus)<\/span><\/p>\n<p><span style=\"color: #000000;\">&#8211; Entreprises :\u00a0580\u20ac TTC\u00a0<\/span><span style=\"font-size: 1rem; caret-color: #000000; color: #000000;\">(Jeu des\u00a0<\/span><span style=\"font-size: 1rem; caret-color: #000000; color: #000000;\">Nouveaux<\/span><span style=\"font-size: 1rem; caret-color: #000000; color: #000000;\">\u00a0M\u00e9tiers inclus)<\/span><\/p>\n<ul>\n<li><strong><span style=\"color: #000000;\">La demie journ\u00e9e :<\/span><\/strong><\/li>\n<\/ul>\n<p><span style=\"color: #000000;\">&#8211; Particuliers et travailleurs ind\u00e9pendants :\u00a0180\u20ac TTC\u00a0<\/span><span style=\"font-size: 1rem; caret-color: #000000; color: #000000;\">(Jeu des\u00a0<\/span><span style=\"font-size: 1rem; caret-color: #000000; color: #000000;\">Nouveaux<\/span><span style=\"font-size: 1rem; caret-color: #000000; color: #000000;\">\u00a0M\u00e9tiers inclus)<\/span><\/p>\n<p><span style=\"color: #000000;\">&#8211; Entreprises : \u00a0300\u20ac TTC\u00a0<\/span><span style=\"font-size: 1rem; caret-color: #000000; color: #000000;\">(Jeu des\u00a0<\/span><span style=\"font-size: 1rem; caret-color: #000000; color: #000000;\">Nouveaux<\/span><span style=\"font-size: 1rem; caret-color: #000000; color: #000000;\">\u00a0M\u00e9tiers inclus)<\/span><\/p><\/div>\n\t\t\t\t<\/div>\n\t\t\t\t<\/div>\n\t\t\t\t\t\t<\/div>\n\t\t\t\t\t<\/div>\n\t\t<\/div>\n\t\t\t\t\t\t\t\t<\/div>\n\t\t\t\t\t<\/div>\n\t\t<\/section>\n\t\t\t\t<section class=\"elementor-section elementor-top-section elementor-element elementor-element-7fd20fd elementor-section-boxed elementor-section-height-default elementor-section-height-default\" data-id=\"7fd20fd\" data-element_type=\"section\">\n\t\t\t\t\t\t<div class=\"elementor-container elementor-column-gap-default\">\n\t\t\t\t\t\t\t<div class=\"elementor-row\">\n\t\t\t\t\t<div class=\"elementor-column elementor-col-100 elementor-top-column elementor-element elementor-element-c1ccffa\" data-id=\"c1ccffa\" data-element_type=\"column\">\n\t\t\t<div class=\"elementor-column-wrap elementor-element-populated\">\n\t\t\t\t\t\t\t<div class=\"elementor-widget-wrap\">\n\t\t\t\t\t\t<div class=\"elementor-element elementor-element-990c6ef elementor-widget elementor-widget-heading\" data-id=\"990c6ef\" data-element_type=\"widget\" data-widget_type=\"heading.default\">\n\t\t\t\t<div class=\"elementor-widget-container\">\n\t\t\t<h2 class=\"elementor-heading-title elementor-size-default\"><a href=\"https:\/\/contact285916.typeform.com\/to\/p9J8XD\">Inscriptions aux webinaires et ateliers ici : <\/a><\/h2>\t\t<\/div>\n\t\t\t\t<\/div>\n\t\t\t\t<div class=\"elementor-element elementor-element-92c950b elementor-align-center elementor-widget elementor-widget-button\" data-id=\"92c950b\" data-element_type=\"widget\" data-widget_type=\"button.default\">\n\t\t\t\t<div class=\"elementor-widget-container\">\n\t\t\t\t\t<div class=\"elementor-button-wrapper\">\n\t\t\t<a href=\"https:\/\/contact285916.typeform.com\/to\/p9J8XD\" class=\"elementor-button-link elementor-button elementor-size-sm\" role=\"button\">\n\t\t\t\t\t\t<span class=\"elementor-button-content-wrapper\">\n\t\t\t\t\t\t<span class=\"elementor-button-text\">Je m'inscris !<\/span>\n\t\t<\/span>\n\t\t\t\t\t<\/a>\n\t\t<\/div>\n\t\t\t\t<\/div>\n\t\t\t\t<\/div>\n\t\t\t\t\t\t<\/div>\n\t\t\t\t\t<\/div>\n\t\t<\/div>\n\t\t\t\t\t\t\t\t<\/div>\n\t\t\t\t\t<\/div>\n\t\t<\/section>\n\t\t\t\t<section class=\"elementor-section elementor-top-section elementor-element elementor-element-848f4a2 elementor-section-boxed elementor-section-height-default elementor-section-height-default\" data-id=\"848f4a2\" data-element_type=\"section\">\n\t\t\t\t\t\t<div class=\"elementor-container elementor-column-gap-default\">\n\t\t\t\t\t\t\t<div class=\"elementor-row\">\n\t\t\t\t\t<div class=\"elementor-column elementor-col-100 elementor-top-column elementor-element elementor-element-6c8d282\" data-id=\"6c8d282\" data-element_type=\"column\">\n\t\t\t<div class=\"elementor-column-wrap elementor-element-populated\">\n\t\t\t\t\t\t\t<div class=\"elementor-widget-wrap\">\n\t\t\t\t\t\t<div class=\"elementor-element elementor-element-6e58f16 elementor-widget elementor-widget-image\" data-id=\"6e58f16\" data-element_type=\"widget\" data-widget_type=\"image.default\">\n\t\t\t\t<div class=\"elementor-widget-container\">\n\t\t\t\t\t<div class=\"elementor-image\">\n\t\t\t\t\t\t\t\t\t\t<img width=\"525\" height=\"394\" src=\"https:\/\/creationsquisement.com\/wp-content\/uploads\/2020\/09\/Equipe-jeu-des-nouveaux-metiers-3-1024x768.jpg\" class=\"attachment-large size-large\" alt=\"\" loading=\"lazy\" srcset=\"https:\/\/creationsquisement.com\/wp-content\/uploads\/2020\/09\/Equipe-jeu-des-nouveaux-metiers-3-1024x768.jpg 1024w, https:\/\/creationsquisement.com\/wp-content\/uploads\/2020\/09\/Equipe-jeu-des-nouveaux-metiers-3-300x225.jpg 300w, https:\/\/creationsquisement.com\/wp-content\/uploads\/2020\/09\/Equipe-jeu-des-nouveaux-metiers-3-768x576.jpg 768w, https:\/\/creationsquisement.com\/wp-content\/uploads\/2020\/09\/Equipe-jeu-des-nouveaux-metiers-3.jpg 2048w\" sizes=\"100vw\" \/>\t\t\t\t\t\t\t\t\t\t\t<\/div>\n\t\t\t\t<\/div>\n\t\t\t\t<\/div>\n\t\t\t\t\t\t<\/div>\n\t\t\t\t\t<\/div>\n\t\t<\/div>\n\t\t\t\t\t\t\t\t<\/div>\n\t\t\t\t\t<\/div>\n\t\t<\/section>\n\t\t\t\t\t\t<\/div>\n\t\t\t\t\t\t<\/div>\n\t\t\t\t\t<\/div>\n\t\t","protected":false},"excerpt":{"rendered":"<p>Vous souhaitez aborder le sujet des nouveaux m\u00e9tiers dans votre \u00e9quipe, entreprise ou en milieu scolaire ? Nous formons \u00e0 l&#8217;animation avec le Jeu des Nouveaux M\u00e9tiers En&nbsp;entreprise&nbsp;: pour que coachs internes, recruteurs et managers s&#8217;approprient le jeu et ses diff\u00e9rentes utilisations et accompagnent \u00e0 leur tour les diff\u00e9rentes \u00e9quipes. En milieu scolaire&nbsp;: pour que &hellip; <\/p>\n<p class=\"link-more\"><a href=\"https:\/\/creationsquisement.com\/index.php\/nos-interventions\/\" class=\"more-link\">Continue reading<span class=\"screen-reader-text\"> &#8220;Nos interventions&#8221;<\/span><\/a><\/p>\n","protected":false},"author":1,"featured_media":0,"parent":0,"menu_order":0,"comment_status":"closed","ping_status":"closed","template":"","meta":[],"_links":{"self":[{"href":"https:\/\/creationsquisement.com\/index.php\/wp-json\/wp\/v2\/pages\/647"}],"collection":[{"href":"https:\/\/creationsquisement.com\/index.php\/wp-json\/wp\/v2\/pages"}],"about":[{"href":"https:\/\/creationsquisement.com\/index.php\/wp-json\/wp\/v2\/types\/page"}],"author":[{"embeddable":true,"href":"https:\/\/creationsquisement.com\/index.php\/wp-json\/wp\/v2\/users\/1"}],"replies":[{"embeddable":true,"href":"https:\/\/creationsquisement.com\/index.php\/wp-json\/wp\/v2\/comments?post=647"}],"version-history":[{"count":31,"href":"https:\/\/creationsquisement.com\/index.php\/wp-json\/wp\/v2\/pages\/647\/revisions"}],"predecessor-version":[{"id":958,"href":"https:\/\/creationsquisement.com\/index.php\/wp-json\/wp\/v2\/pages\/647\/revisions\/958"}],"wp:attachment":[{"href":"https:\/\/creationsquisement.com\/index.php\/wp-json\/wp\/v2\/media?parent=647"}],"curies":[{"name":"wp","href":"https:\/\/api.w.org\/{rel}","templated":true}]}}